{"id":6,"date":"2025-03-06T15:18:06","date_gmt":"2025-03-06T14:18:06","guid":{"rendered":"http:\/\/pozla.premium-design.pl\/?page_id=6"},"modified":"2025-04-03T20:42:24","modified_gmt":"2025-04-03T18:42:24","slug":"aktualnosci","status":"publish","type":"page","link":"https:\/\/pozla.com.pl\/","title":{"rendered":"Aktualno\u015bci"},"content":{"rendered":"\t\t<div data-elementor-type=\"wp-page\" data-elementor-id=\"6\" class=\"elementor elementor-6\" data-elementor-settings=\"{&quot;ha_cmc_init_switcher&quot;:&quot;no&quot;}\">\n\t\t\t\t<div class=\"elementor-element elementor-element-d002b3c e-flex e-con-boxed e-con e-parent\" data-id=\"d002b3c\" data-element_type=\"container\" data-settings=\"{&quot;_ha_eqh_enable&quot;:false}\">\n\t\t\t\t\t<div class=\"e-con-inner\">\n\t\t\t\t\t<\/div>\n\t\t\t\t<\/div>\n\t\t<div class=\"elementor-element elementor-element-3fe5b48 e-flex e-con-boxed elementor-invisible e-con e-parent\" data-id=\"3fe5b48\" data-element_type=\"container\" data-settings=\"{&quot;animation&quot;:&quot;fadeIn&quot;,&quot;_ha_eqh_enable&quot;:false}\">\n\t\t\t\t\t<div class=\"e-con-inner\">\n\t\t\t\t<div class=\"elementor-element elementor-element-54a8d2d elementor-widget elementor-widget-shortcode\" data-id=\"54a8d2d\" data-element_type=\"widget\" data-widget_type=\"shortcode.default\">\n\t\t\t\t<div class=\"elementor-widget-container\">\n\t\t\t\t\t\t\t<div class=\"elementor-shortcode\">\t\n\t\t<div id=\"gs_logo_area_49\" class=\"gs_logo_area gs_logo_area_49 slider1\" style=\"opacity: 0; visibility: hidden;\">\n\t\t\t<div class=\"gs_logo_area--inner\">\n\t\n\t\t\t\t\n<div class=\"gs_logo_container gs_carousel_swiper gs_logo_fix_height_and_center\" data-carousel-config='{\"direction\":\"horizontal\",\"speed\":500,\"isAutoplay\":true,\"autoplayDelay\":2000,\"loop\":true,\"pauseOnHover\":true,\"ticker\":false,\"navs\":false,\"navs_pos\":\"bottom\",\"dots\":false,\"dynamic_dots\":true,\"slideSpace\":20,\"slidesPerGroup\":1,\"desktopLogos\":4,\"tabletLogos\":3,\"mobileLogos\":2,\"reverseDirection\":false}'>\n\n\t\n\t\t\n\t\t\t<div class=\"gs_logo_single--wrapper\">\n\t\t\t\t<div class=\"gs_logo_single\">\n\n\t\t\t\t\t<!-- Logo Img -->\n\t\t\t\t\t<a href=\"https:\/\/www.wrotapodlasia.pl\/\" target=\"_blank\" rel=\"noopener\"><img loading=\"lazy\" decoding=\"async\" width=\"300\" height=\"100\" src=\"https:\/\/pozla.com.pl\/wp-content\/uploads\/2025\/04\/Podlaskie_pasek.jpg\" class=\"gray_to_def  gs-logo--img wp-post-image\" alt=\"\" title=\"UM\" \/><\/a>\n\t\t\t\t\t<!-- Logo Title -->\n\t\t\t\t\t\t\t\t\t\t\n\t\t\t\t\t<!-- Logo Category -->\n\t\t\t\t\t\t\t\t\t\t\n\t\t\t\t<\/div>\n\t\t\t<\/div>\n\n\t\t\n\t\t\t<div class=\"gs_logo_single--wrapper\">\n\t\t\t\t<div class=\"gs_logo_single\">\n\n\t\t\t\t\t<!-- Logo Img -->\n\t\t\t\t\t<a href=\"https:\/\/www.orlen.pl\/pl\" target=\"_blank\" rel=\"noopener\"><img loading=\"lazy\" decoding=\"async\" width=\"300\" height=\"100\" src=\"https:\/\/pozla.com.pl\/wp-content\/uploads\/2025\/04\/orlen_pasek.jpg\" class=\"gray_to_def  gs-logo--img wp-post-image\" alt=\"\" title=\"Orlen\" \/><\/a>\n\t\t\t\t\t<!-- Logo Title -->\n\t\t\t\t\t\t\t\t\t\t\n\t\t\t\t\t<!-- Logo Category -->\n\t\t\t\t\t\t\t\t\t\t\n\t\t\t\t<\/div>\n\t\t\t<\/div>\n\n\t\t\n\t\t\t<div class=\"gs_logo_single--wrapper\">\n\t\t\t\t<div class=\"gs_logo_single\">\n\n\t\t\t\t\t<!-- Logo Img -->\n\t\t\t\t\t<a href=\"https:\/\/pfs.podlasie.pl\/\" target=\"_blank\" rel=\"noopener\"><img loading=\"lazy\" decoding=\"async\" width=\"300\" height=\"100\" src=\"https:\/\/pozla.com.pl\/wp-content\/uploads\/2025\/04\/PFS_pasek.jpg\" class=\"gray_to_def  gs-logo--img wp-post-image\" alt=\"\" title=\"PFS\" \/><\/a>\n\t\t\t\t\t<!-- Logo Title -->\n\t\t\t\t\t\t\t\t\t\t\n\t\t\t\t\t<!-- Logo Category -->\n\t\t\t\t\t\t\t\t\t\t\n\t\t\t\t<\/div>\n\t\t\t<\/div>\n\n\t\t\n\t\t\t<div class=\"gs_logo_single--wrapper\">\n\t\t\t\t<div class=\"gs_logo_single\">\n\n\t\t\t\t\t<!-- Logo Img -->\n\t\t\t\t\t<a href=\"https:\/\/www.lekkoatletykadlakazdego.pl\/\" target=\"_blank\" rel=\"noopener\"><img loading=\"lazy\" decoding=\"async\" width=\"300\" height=\"100\" src=\"https:\/\/pozla.com.pl\/wp-content\/uploads\/2025\/04\/LDK_pasek.jpg\" class=\"gray_to_def  gs-logo--img wp-post-image\" alt=\"\" title=\"LDK\" \/><\/a>\n\t\t\t\t\t<!-- Logo Title -->\n\t\t\t\t\t\t\t\t\t\t\n\t\t\t\t\t<!-- Logo Category -->\n\t\t\t\t\t\t\t\t\t\t\n\t\t\t\t<\/div>\n\t\t\t<\/div>\n\n\t\t\n\t\t\t<div class=\"gs_logo_single--wrapper\">\n\t\t\t\t<div class=\"gs_logo_single\">\n\n\t\t\t\t\t<!-- Logo Img -->\n\t\t\t\t\t<a href=\"https:\/\/pzla.pl\/\" target=\"_blank\" rel=\"noopener\"><img loading=\"lazy\" decoding=\"async\" width=\"300\" height=\"100\" src=\"https:\/\/pozla.com.pl\/wp-content\/uploads\/2025\/04\/PZLA_pasek.jpg\" class=\"gray_to_def  gs-logo--img wp-post-image\" alt=\"\" title=\"PZLA\" \/><\/a>\n\t\t\t\t\t<!-- Logo Title -->\n\t\t\t\t\t\t\t\t\t\t\n\t\t\t\t\t<!-- Logo Category -->\n\t\t\t\t\t\t\t\t\t\t\n\t\t\t\t<\/div>\n\t\t\t<\/div>\n\n\t\t\t\t\n\t\n<\/div>\t\t\t<\/div>\n\t\t<\/div>\n\t\n\t\t<style>#gs_logo_area_49:not(.verticaltickerdown):not(.verticalticker) .gs_logo_container{margin-left:-10px}#gs_logo_area_49:not(.verticaltickerdown):not(.verticalticker) .gs_logo_container{margin-right:-10px}#gs_logo_area_49:not(.verticaltickerdown):not(.verticalticker) .gs_logo_single--wrapper{padding:10px}#gs_logo_area_49 ul.gs-logo-filter-cats{text-align:center!important}#gs_logo_area_49 .gs_logo_single--wrapper{width:25%}@media (max-width:1023px){#gs_logo_area_49 .gs_logo_single--wrapper{width:33.333333333333%}}@media (max-width:767px){#gs_logo_area_49 .gs_logo_single--wrapper{width:50%}}<\/style><\/div>\n\t\t\t\t\t\t<\/div>\n\t\t\t\t<\/div>\n\t\t\t\t\t<\/div>\n\t\t\t\t<\/div>\n\t\t<div class=\"elementor-element elementor-element-591c918 e-flex e-con-boxed e-con e-parent\" data-id=\"591c918\" data-element_type=\"container\" data-settings=\"{&quot;_ha_eqh_enable&quot;:false}\">\n\t\t\t\t\t<div class=\"e-con-inner\">\n\t\t<div class=\"elementor-element elementor-element-e8af163 e-con-full e-flex e-con e-child\" data-id=\"e8af163\" data-element_type=\"container\" data-settings=\"{&quot;_ha_eqh_enable&quot;:false}\">\n\t\t\t\t<div class=\"elementor-element elementor-element-9baf7e5 elementor-widget-mobile__width-initial elementor-widget elementor-widget-sidebar\" data-id=\"9baf7e5\" data-element_type=\"widget\" data-widget_type=\"sidebar.default\">\n\t\t\t\t<div class=\"elementor-widget-container\">\n\t\t\t\t\t<aside id=\"block-5\" class=\"widget widget_block\">\n<div class=\"wp-block-group has-ast-global-color-3-color has-text-color has-link-color wp-elements-d38803e44d656a24e34faa94a66c10ff is-layout-flow wp-block-group-is-layout-flow\">\n<h4 class=\"wp-block-heading has-text-color has-link-color wp-elements-bfefcb01d784cdb81cdc648540541c1a\" style=\"color:#c2b49b\">Archiwum aktualno\u015bci<\/h4>\n\n\n<ul class=\"wp-block-archives-list wp-block-archives has-small-font-size\">\t<li><a href='https:\/\/pozla.com.pl\/?m=202412'>December 2024<\/a><\/li>\n\t<li><a href='https:\/\/pozla.com.pl\/?m=202411'>November 2024<\/a><\/li>\n\t<li><a href='https:\/\/pozla.com.pl\/?m=202410'>October 2024<\/a><\/li>\n\t<li><a href='https:\/\/pozla.com.pl\/?m=202409'>September 2024<\/a><\/li>\n<\/ul><\/div>\n<\/aside>\t\t\t\t<\/div>\n\t\t\t\t<\/div>\n\t\t\t\t<\/div>\n\t\t<div class=\"elementor-element elementor-element-757e9c0 e-con-full e-flex e-con e-child\" data-id=\"757e9c0\" data-element_type=\"container\" data-settings=\"{&quot;_ha_eqh_enable&quot;:false}\">\n\t\t\t\t<div class=\"elementor-element elementor-element-b470197 elementor-widget elementor-widget-ucaddon_post_blocks\" data-id=\"b470197\" data-element_type=\"widget\" data-widget_type=\"ucaddon_post_blocks.default\">\n\t\t\t\t<div class=\"elementor-widget-container\">\n\t\t\t\t\t\n<!-- start Post Blocks -->\n\t\t<link id='font-awesome-css' href='https:\/\/pozla.com.pl\/wp-content\/plugins\/unlimited-elements-for-elementor\/assets_libraries\/font-awesome6\/fontawesome-all.min.css' type='text\/css' rel='stylesheet' >\n\t\t<link id='font-awesome-4-shim-css' href='https:\/\/pozla.com.pl\/wp-content\/plugins\/unlimited-elements-for-elementor\/assets_libraries\/font-awesome6\/fontawesome-v4-shims.min.css' type='text\/css' rel='stylesheet' >\n\n<style>\/* widget: Post Blocks *\/\n\n\r\n@keyframes uc_post_blocks_elementor_b470197__item-animation {\r\n  0% {\r\n            \r\n        \t        \tfilter: blur(10px);\r\n\t\t\t\r\n    \t    opacity: 0;\r\n  }\r\n  100% {\r\n            \r\n        \t            filter: blur(0px);\r\n            \r\n    \t\topacity: 1;\r\n  }\r\n}\r\n\r\n\r\n#uc_post_blocks_elementor_b470197 .ue_post_blocks_box{\r\n\topacity:0;\r\n}\r\n\r\n\r\n#uc_post_blocks_elementor_b470197 .uc-entrance-animate {\r\n  opacity:1;\r\n}\r\n\r\n#uc_post_blocks_elementor_b470197 .uc-entrance-animate {\r\n\tanimation: uc_post_blocks_elementor_b470197__item-animation 0.6s cubic-bezier(0.470, 0.000, 0.745, 0.715) both;\r\n}\r\n\r\n\t\t\t\n\n#uc_post_blocks_elementor_b470197 {\n    display:grid;\n}\n#uc_post_blocks_elementor_b470197 .ue_post_blocks_box\n{\n  overflow:hidden;\n}\n\n#uc_post_blocks_elementor_b470197 .ue_post_blocks_image\n{\n  overflow:hidden;\n}\n#uc_post_blocks_elementor_b470197 .ue_post_blocks_image img\n{\n  width:100%;\n  display:block;\n}\n#uc_post_blocks_elementor_b470197 .ue_post_blocks_link a\n{\n  display:inline-block;\n  text-decoration:none;\n  text-align:center;\n}\n\n\n#uc_post_blocks_elementor_b470197 .ue-grid-item-meta-data\n{\n  display:inlin-flex;\n  flex-wrap: wrap;\n}\n\n.ue-grid-item-meta-data\n{\n  font-size:12px;\n}\n\n#uc_post_blocks_elementor_b470197 .ue-grid-item-meta-data-icon\n{\n  line-height:1em;\n}\n\n#uc_post_blocks_elementor_b470197 .ue-grid-item-meta-data-icon svg\n{\n  width:1em;\n  height:1em;\n}\n\n#uc_post_blocks_elementor_b470197 .ue_post_blocks_box{\n  display: flex;\n  flex-direction: column;\n}\n#uc_post_blocks_elementor_b470197 .ue_post_blocks_content{\n display: flex; flex-grow: 1;\n flex-direction: column;\n}\n#uc_post_blocks_elementor_b470197 .ue_post_blocks_link{ margin-top: auto;\n}\n\n.ue-grid-item-category a\n{\n  display:inline-block;\n  font-size:10px;\n  text-transform:uppercase;\n}\n\n\n\n\n<\/style>\n\n<div id=\"uc_post_blocks_elementor_b470197\" class=\"ue_post_blocks uc-items-wrapper \" >\n    <div class=\"ue_post_blocks_box\">\n    <div class=\"ue_post_blocks_image\">\n    <a href=\"https:\/\/pozla.com.pl\/?p=61\" style=\"display:block;\"><img loading=\"lazy\" decoding=\"async\" src=\"https:\/\/pozla.com.pl\/wp-content\/uploads\/2025\/03\/IMG_20241207_194731-3.jpg\"  src=\"https:\/\/pozla.com.pl\/wp-content\/uploads\/2025\/03\/IMG_20241207_194731-3.jpg\" alt=\"IMG_20241207_194731\" width=\"640\" height=\"382\"><\/a>\n  <\/div>\n    <div class=\"ue_post_blocks_content\">\n      \n     \n         \n    <div class=\"ue_post_blocks_title\"><a href=\"https:\/\/pozla.com.pl\/?p=61\">Konferencja organizacyjno-szkoleniowa Podlaskiego Okr\u0119gowego Zwi\u0105zku Lekkiej Atletyki<\/a><\/div>    \n        \n    \n    <div class=\"ue_post_blocks_text\">7 grudnia w Zespole Szk\u00f3\u0142 Rolniczych w Bia\u0142ymstoku odby\u0142a si\u0119 coroczna konferencja organizacyjno-szkoleniowa...<\/div>        \t<div class=\"ue_post_blocks_link\">\n          <a class=\" \" href='https:\/\/pozla.com.pl\/?p=61'>Czytaj dalej<\/a>\n    \t<\/div>\n      <\/div>\n<\/div>\n<div class=\"ue_post_blocks_box\">\n    <div class=\"ue_post_blocks_image\">\n    <a href=\"https:\/\/pozla.com.pl\/?p=66\" style=\"display:block;\"><img loading=\"lazy\" decoding=\"async\" src=\"https:\/\/pozla.com.pl\/wp-content\/uploads\/2025\/03\/01-e1733908838628-150x150-1.jpg\"  src=\"https:\/\/pozla.com.pl\/wp-content\/uploads\/2025\/03\/01-e1733908838628-150x150-1.jpg\" alt=\"01-e1733908838628-150x150\" width=\"150\" height=\"150\"><\/a>\n  <\/div>\n    <div class=\"ue_post_blocks_content\">\n      \n     \n         \n    <div class=\"ue_post_blocks_title\"><a href=\"https:\/\/pozla.com.pl\/?p=66\">Bronis\u0142aw Gurz\u0119da trener i zawodnik \u2013 zmar\u0142 w wieku 93 lat<\/a><\/div>    \n        \n    \n    <div class=\"ue_post_blocks_text\">Smutna wiadomo\u015b\u0107 nadesz\u0142a z \u0141ochowa (woj. mazowieckie). W wieku 93 lat zmar\u0142 tam Bronis\u0142aw Gurz\u0119da, wieloletni...<\/div>        \t<div class=\"ue_post_blocks_link\">\n          <a class=\" \" href='https:\/\/pozla.com.pl\/?p=66'>Czytaj dalej<\/a>\n    \t<\/div>\n      <\/div>\n<\/div>\n<div class=\"ue_post_blocks_box\">\n    <div class=\"ue_post_blocks_image\">\n    <a href=\"https:\/\/pozla.com.pl\/?p=84\" style=\"display:block;\"><img loading=\"lazy\" decoding=\"async\" src=\"https:\/\/pozla.com.pl\/wp-content\/uploads\/2025\/03\/9202-768x768.jpg\"  src=\"https:\/\/pozla.com.pl\/wp-content\/uploads\/2025\/03\/9202-768x768.jpg\" alt=\"man running with blue flowing wave\" width=\"768\" height=\"768\"><\/a>\n  <\/div>\n    <div class=\"ue_post_blocks_content\">\n      \n     \n         \n    <div class=\"ue_post_blocks_title\"><a href=\"https:\/\/pozla.com.pl\/?p=84\">Konferencja Si\u0142a Sportu<\/a><\/div>    \n        \n    \n    <div class=\"ue_post_blocks_text\">Szanowni Pa\u0144stwo, korzystaj\u0105c z mo\u017cliwo\u015bci kontaktu chcia\u0142abym Pa\u0144stwa zaprosi\u0107 do udzia\u0142u w projekcie...<\/div>        \t<div class=\"ue_post_blocks_link\">\n          <a class=\" \" href='https:\/\/pozla.com.pl\/?p=84'>Czytaj dalej<\/a>\n    \t<\/div>\n      <\/div>\n<\/div>\n<div class=\"ue_post_blocks_box\">\n    <div class=\"ue_post_blocks_image\">\n    <a href=\"https:\/\/pozla.com.pl\/?p=110\" style=\"display:block;\"><img loading=\"lazy\" decoding=\"async\" src=\"https:\/\/pozla.com.pl\/wp-content\/uploads\/2024\/10\/logo-okrag@4x1gray1.png\"  src=\"https:\/\/pozla.com.pl\/wp-content\/uploads\/2024\/10\/logo-okrag@4x1gray1.png\" alt=\"logo okra\u0328g@4x1gray1\" width=\"534\" height=\"536\"><\/a>\n  <\/div>\n    <div class=\"ue_post_blocks_content\">\n      \n     \n         \n    <div class=\"ue_post_blocks_title\"><a href=\"https:\/\/pozla.com.pl\/?p=110\">Zaproszenie na Konferencj\u0119 Organizacyjno \u2013 Szkoleniow\u0105 Podlaskiego Okr\u0119gowego Zwi\u0105zku Lekkiej Atletyki<\/a><\/div>    \n        \n    \n    <div class=\"ue_post_blocks_text\">Zapraszam na Konferencj\u0119 Organizacyjno Szkoleniow\u0105&nbsp; Podlaskiego Okr\u0119gowego Zwi\u0105zku Lekkiej Atletyki,...<\/div>        \t<div class=\"ue_post_blocks_link\">\n          <a class=\" \" href='https:\/\/pozla.com.pl\/?p=110'>Czytaj dalej<\/a>\n    \t<\/div>\n      <\/div>\n<\/div>\n<div class=\"ue_post_blocks_box\">\n    <div class=\"ue_post_blocks_image\">\n    <a href=\"https:\/\/pozla.com.pl\/?p=114\" style=\"display:block;\"><img loading=\"lazy\" decoding=\"async\" src=\"https:\/\/pozla.com.pl\/wp-content\/uploads\/2024\/10\/logo-okrag@4x1gray1.png\"  src=\"https:\/\/pozla.com.pl\/wp-content\/uploads\/2024\/10\/logo-okrag@4x1gray1.png\" alt=\"logo okra\u0328g@4x1gray1\" width=\"534\" height=\"536\"><\/a>\n  <\/div>\n    <div class=\"ue_post_blocks_content\">\n      \n     \n         \n    <div class=\"ue_post_blocks_title\"><a href=\"https:\/\/pozla.com.pl\/?p=114\">Badania diagnostyczne KNB 23.11.24 Godz. 8.45<\/a><\/div>    \n        \n    \n    <div class=\"ue_post_blocks_text\">Badania diagnostyczne KNB&nbsp; odb\u0119d\u0105 si\u0119 23.11.2024 o godz 8.45 w hali sportowej Zespo\u0142u Szk\u00f3\u0142 Rolniczych...<\/div>        \t<div class=\"ue_post_blocks_link\">\n          <a class=\" \" href='https:\/\/pozla.com.pl\/?p=114'>Czytaj dalej<\/a>\n    \t<\/div>\n      <\/div>\n<\/div>\n<div class=\"ue_post_blocks_box\">\n    <div class=\"ue_post_blocks_image\">\n    <a href=\"https:\/\/pozla.com.pl\/?p=112\" style=\"display:block;\"><img loading=\"lazy\" decoding=\"async\" src=\"https:\/\/pozla.com.pl\/wp-content\/uploads\/2024\/10\/logo-okrag@4x1gray1.png\"  src=\"https:\/\/pozla.com.pl\/wp-content\/uploads\/2024\/10\/logo-okrag@4x1gray1.png\" alt=\"logo okra\u0328g@4x1gray1\" width=\"534\" height=\"536\"><\/a>\n  <\/div>\n    <div class=\"ue_post_blocks_content\">\n      \n     \n         \n    <div class=\"ue_post_blocks_title\"><a href=\"https:\/\/pozla.com.pl\/?p=112\">Konferencja szkoleniowo organizacyjna POZLA<\/a><\/div>    \n        \n    \n    <div class=\"ue_post_blocks_text\">Konferencja szkoleniowo-organizacyjna POZLA odb\u0119dzie si\u0119 7.12.2024 w ZSR w Bia\u0142ymstoku godz. 10.00 szczeg\u00f3\u0142y...<\/div>        \t<div class=\"ue_post_blocks_link\">\n          <a class=\" \" href='https:\/\/pozla.com.pl\/?p=112'>Czytaj dalej<\/a>\n    \t<\/div>\n      <\/div>\n<\/div>\n\n<\/div>\n<!-- end Post Blocks -->\t\t\t\t<\/div>\n\t\t\t\t<\/div>\n\t\t\t\t<\/div>\n\t\t\t\t\t<\/div>\n\t\t\t\t<\/div>\n\t\t\t\t<\/div>\n\t\t","protected":false},"excerpt":{"rendered":"<p>Konferencja organizacyjno-szkoleniowa Podlaskiego Okr\u0119gowego Zwi\u0105zku Lekkiej Atletyki 7 grudnia w Zespole Szk\u00f3\u0142 Rolniczych w Bia\u0142ymstoku odby\u0142a si\u0119 coroczna konferencja organizacyjno-szkoleniowa&#8230; Czytaj dalej Bronis\u0142aw Gurz\u0119da trener i zawodnik \u2013 zmar\u0142 w [&hellip;]<\/p>\n","protected":false},"author":1,"featured_media":0,"parent":0,"menu_order":0,"comment_status":"closed","ping_status":"closed","template":"","meta":{"site-sidebar-layout":"no-sidebar","site-content-layout":"","ast-site-content-layout":"full-width-container","site-content-style":"default","site-sidebar-style":"default","ast-global-header-display":"","ast-banner-title-visibility":"","ast-main-header-display":"","ast-hfb-above-header-display":"","ast-hfb-below-header-display":"","ast-hfb-mobile-header-display":"","site-post-title":"disabled","ast-breadcrumbs-content":"","ast-featured-img":"disabled","footer-sml-layout":"","theme-transparent-header-meta":"","adv-header-id-meta":"","stick-header-meta":"","header-above-stick-meta":"","header-main-stick-meta":"","header-below-stick-meta":"","astra-migrate-meta-layouts":"default","ast-page-background-enabled":"default","ast-page-background-meta":{"desktop":{"background-color":"var(--ast-global-color-5)","background-image":"","background-repeat":"repeat","background-position":"center center","background-size":"auto","background-attachment":"scroll","background-type":"","background-media":"","overlay-type":"","overlay-color":"","overlay-opacity":"","overlay-gradient":""},"tablet":{"background-color":"","background-image":"","background-repeat":"repeat","background-position":"center center","background-size":"auto","background-attachment":"scroll","background-type":"","background-media":"","overlay-type":"","overlay-color":"","overlay-opacity":"","overlay-gradient":""},"mobile":{"background-color":"","background-image":"","background-repeat":"repeat","background-position":"center center","background-size":"auto","background-attachment":"scroll","background-type":"","background-media":"","overlay-type":"","overlay-color":"","overlay-opacity":"","overlay-gradient":""}},"ast-content-background-meta":{"desktop":{"background-color":"var(--ast-global-color-4)","background-image":"","background-repeat":"repeat","background-position":"center center","background-size":"auto","background-attachment":"scroll","background-type":"","background-media":"","overlay-type":"","overlay-color":"","overlay-opacity":"","overlay-gradient":""},"tablet":{"background-color":"var(--ast-global-color-4)","background-image":"","background-repeat":"repeat","background-position":"center center","background-size":"auto","background-attachment":"scroll","background-type":"","background-media":"","overlay-type":"","overlay-color":"","overlay-opacity":"","overlay-gradient":""},"mobile":{"background-color":"var(--ast-global-color-4)","background-image":"","background-repeat":"repeat","background-position":"center center","background-size":"auto","background-attachment":"scroll","background-type":"","background-media":"","overlay-type":"","overlay-color":"","overlay-opacity":"","overlay-gradient":""}},"footnotes":""},"class_list":["post-6","page","type-page","status-publish","hentry"],"_links":{"self":[{"href":"https:\/\/pozla.com.pl\/index.php?rest_route=\/wp\/v2\/pages\/6","targetHints":{"allow":["GET"]}}],"collection":[{"href":"https:\/\/pozla.com.pl\/index.php?rest_route=\/wp\/v2\/pages"}],"about":[{"href":"https:\/\/pozla.com.pl\/index.php?rest_route=\/wp\/v2\/types\/page"}],"author":[{"embeddable":true,"href":"https:\/\/pozla.com.pl\/index.php?rest_route=\/wp\/v2\/users\/1"}],"replies":[{"embeddable":true,"href":"https:\/\/pozla.com.pl\/index.php?rest_route=%2Fwp%2Fv2%2Fcomments&post=6"}],"version-history":[{"count":115,"href":"https:\/\/pozla.com.pl\/index.php?rest_route=\/wp\/v2\/pages\/6\/revisions"}],"predecessor-version":[{"id":387,"href":"https:\/\/pozla.com.pl\/index.php?rest_route=\/wp\/v2\/pages\/6\/revisions\/387"}],"wp:attachment":[{"href":"https:\/\/pozla.com.pl\/index.php?rest_route=%2Fwp%2Fv2%2Fmedia&parent=6"}],"curies":[{"name":"wp","href":"https:\/\/api.w.org\/{rel}","templated":true}]}}