{"id":402,"date":"2025-04-08T09:57:35","date_gmt":"2025-04-08T07:57:35","guid":{"rendered":"https:\/\/pozla.com.pl\/?page_id=402"},"modified":"2025-04-08T10:13:22","modified_gmt":"2025-04-08T08:13:22","slug":"zarzad","status":"publish","type":"page","link":"https:\/\/pozla.com.pl\/?page_id=402","title":{"rendered":"Zarz\u0105d"},"content":{"rendered":"\t\t<div data-elementor-type=\"wp-page\" data-elementor-id=\"402\" class=\"elementor elementor-402\" data-elementor-settings=\"{&quot;ha_cmc_init_switcher&quot;:&quot;no&quot;}\">\n\t\t\t\t<div class=\"elementor-element elementor-element-7223e27 e-flex e-con-boxed e-con e-parent\" data-id=\"7223e27\" data-element_type=\"container\" data-settings=\"{&quot;_ha_eqh_enable&quot;:false}\">\n\t\t\t\t\t<div class=\"e-con-inner\">\n\t\t\t\t<div class=\"elementor-element elementor-element-96df4f7 elementor-widget elementor-widget-heading\" data-id=\"96df4f7\" data-element_type=\"widget\" data-widget_type=\"heading.default\">\n\t\t\t\t<div class=\"elementor-widget-container\">\n\t\t\t\t\t<h2 class=\"elementor-heading-title elementor-size-default\">Zarz\u0105d Podlaskiego Okr\u0119gowego Zwi\u0105zku Lekkiej Atletyki<\/h2>\t\t\t\t<\/div>\n\t\t\t\t<\/div>\n\t\t\t\t\t<\/div>\n\t\t\t\t<\/div>\n\t\t<div class=\"elementor-element elementor-element-6a1b722 e-flex e-con-boxed e-con e-parent\" data-id=\"6a1b722\" data-element_type=\"container\" data-settings=\"{&quot;_ha_eqh_enable&quot;:false}\">\n\t\t\t\t\t<div class=\"e-con-inner\">\n\t\t\t\t<div class=\"elementor-element elementor-element-c1ac66d elementor-widget elementor-widget-heading\" data-id=\"c1ac66d\" data-element_type=\"widget\" data-widget_type=\"heading.default\">\n\t\t\t\t<div class=\"elementor-widget-container\">\n\t\t\t\t\t<h2 class=\"elementor-heading-title elementor-size-default\">Zarz\u0105d<\/h2>\t\t\t\t<\/div>\n\t\t\t\t<\/div>\n\t\t\t\t<div class=\"elementor-element elementor-element-3ce87d5 elementor-widget-divider--view-line elementor-widget elementor-widget-divider\" data-id=\"3ce87d5\" data-element_type=\"widget\" data-widget_type=\"divider.default\">\n\t\t\t\t<div class=\"elementor-widget-container\">\n\t\t\t\t\t\t\t<div class=\"elementor-divider\">\n\t\t\t<span class=\"elementor-divider-separator\">\n\t\t\t\t\t\t<\/span>\n\t\t<\/div>\n\t\t\t\t\t\t<\/div>\n\t\t\t\t<\/div>\n\t\t\t\t\t<\/div>\n\t\t\t\t<\/div>\n\t\t<div class=\"elementor-element elementor-element-2cacf7d e-flex e-con-boxed e-con e-parent\" data-id=\"2cacf7d\" data-element_type=\"container\" data-settings=\"{&quot;_ha_eqh_enable&quot;:false}\">\n\t\t\t\t\t<div class=\"e-con-inner\">\n\t\t<div class=\"elementor-element elementor-element-c8d75dc e-con-full e-flex e-con e-child\" data-id=\"c8d75dc\" data-element_type=\"container\" data-settings=\"{&quot;_ha_eqh_enable&quot;:false}\">\n\t\t\t\t<div class=\"elementor-element elementor-element-77b893c elementor-widget__width-initial elementor-widget elementor-widget-image\" data-id=\"77b893c\" data-element_type=\"widget\" data-widget_type=\"image.default\">\n\t\t\t\t<div class=\"elementor-widget-container\">\n\t\t\t\t\t\t\t\t\t\t\t\t\t\t\t<img decoding=\"async\" width=\"199\" height=\"199\" src=\"https:\/\/pozla.com.pl\/wp-content\/uploads\/2025\/04\/Testimonial-Avatar.png\" class=\"attachment-large size-large wp-image-404\" alt=\"\" srcset=\"https:\/\/pozla.com.pl\/wp-content\/uploads\/2025\/04\/Testimonial-Avatar.png 199w, https:\/\/pozla.com.pl\/wp-content\/uploads\/2025\/04\/Testimonial-Avatar-150x150.png 150w\" sizes=\"(max-width: 199px) 100vw, 199px\" \/>\t\t\t\t\t\t\t\t\t\t\t\t\t\t\t<\/div>\n\t\t\t\t<\/div>\n\t\t\t\t<div class=\"elementor-element elementor-element-3553f3b elementor-widget__width-initial elementor-widget elementor-widget-text-editor\" data-id=\"3553f3b\" data-element_type=\"widget\" data-widget_type=\"text-editor.default\">\n\t\t\t\t<div class=\"elementor-widget-container\">\n\t\t\t\t\t\t\t\t\t<p><strong>Joanna Kleszczewska<\/strong><br \/>Prezes Zarz\u0105du<\/p>\t\t\t\t\t\t\t\t<\/div>\n\t\t\t\t<\/div>\n\t\t\t\t<\/div>\n\t\t<div class=\"elementor-element elementor-element-3c15caf e-con-full e-flex e-con e-child\" data-id=\"3c15caf\" data-element_type=\"container\" data-settings=\"{&quot;_ha_eqh_enable&quot;:false}\">\n\t\t\t\t<div class=\"elementor-element elementor-element-4579892 elementor-widget__width-initial elementor-widget elementor-widget-image\" data-id=\"4579892\" data-element_type=\"widget\" data-widget_type=\"image.default\">\n\t\t\t\t<div class=\"elementor-widget-container\">\n\t\t\t\t\t\t\t\t\t\t\t\t\t\t\t<img decoding=\"async\" width=\"199\" height=\"199\" src=\"https:\/\/pozla.com.pl\/wp-content\/uploads\/2025\/04\/Testimonial-Avatar.png\" class=\"attachment-large size-large wp-image-404\" alt=\"\" srcset=\"https:\/\/pozla.com.pl\/wp-content\/uploads\/2025\/04\/Testimonial-Avatar.png 199w, https:\/\/pozla.com.pl\/wp-content\/uploads\/2025\/04\/Testimonial-Avatar-150x150.png 150w\" sizes=\"(max-width: 199px) 100vw, 199px\" \/>\t\t\t\t\t\t\t\t\t\t\t\t\t\t\t<\/div>\n\t\t\t\t<\/div>\n\t\t\t\t<div class=\"elementor-element elementor-element-27e95ac elementor-widget__width-initial elementor-widget elementor-widget-text-editor\" data-id=\"27e95ac\" data-element_type=\"widget\" data-widget_type=\"text-editor.default\">\n\t\t\t\t<div class=\"elementor-widget-container\">\n\t\t\t\t\t\t\t\t\t<p><strong>Przemys\u0142aw Piotr Zabawski<\/strong><br \/>Wiceprezes Zarz\u0105du<\/p>\t\t\t\t\t\t\t\t<\/div>\n\t\t\t\t<\/div>\n\t\t\t\t<\/div>\n\t\t\t\t\t<\/div>\n\t\t\t\t<\/div>\n\t\t<div class=\"elementor-element elementor-element-c3f3283 e-flex e-con-boxed e-con e-parent\" data-id=\"c3f3283\" data-element_type=\"container\" data-settings=\"{&quot;_ha_eqh_enable&quot;:false}\">\n\t\t\t\t\t<div class=\"e-con-inner\">\n\t\t<div class=\"elementor-element elementor-element-093e67c e-con-full e-flex e-con e-child\" data-id=\"093e67c\" data-element_type=\"container\" data-settings=\"{&quot;_ha_eqh_enable&quot;:false}\">\n\t\t\t\t<div class=\"elementor-element elementor-element-7954e36 elementor-widget__width-initial elementor-widget elementor-widget-image\" data-id=\"7954e36\" data-element_type=\"widget\" data-widget_type=\"image.default\">\n\t\t\t\t<div class=\"elementor-widget-container\">\n\t\t\t\t\t\t\t\t\t\t\t\t\t\t\t<img decoding=\"async\" width=\"199\" height=\"199\" src=\"https:\/\/pozla.com.pl\/wp-content\/uploads\/2025\/04\/Testimonial-Avatar.png\" class=\"attachment-large size-large wp-image-404\" alt=\"\" srcset=\"https:\/\/pozla.com.pl\/wp-content\/uploads\/2025\/04\/Testimonial-Avatar.png 199w, https:\/\/pozla.com.pl\/wp-content\/uploads\/2025\/04\/Testimonial-Avatar-150x150.png 150w\" sizes=\"(max-width: 199px) 100vw, 199px\" \/>\t\t\t\t\t\t\t\t\t\t\t\t\t\t\t<\/div>\n\t\t\t\t<\/div>\n\t\t\t\t<div class=\"elementor-element elementor-element-e5c9a92 elementor-widget__width-initial elementor-widget elementor-widget-text-editor\" data-id=\"e5c9a92\" data-element_type=\"widget\" data-widget_type=\"text-editor.default\">\n\t\t\t\t<div class=\"elementor-widget-container\">\n\t\t\t\t\t\t\t\t\t<p><strong>Jan Zalewski<\/strong><br \/>Wiceprezes Zarz\u0105du<\/p>\t\t\t\t\t\t\t\t<\/div>\n\t\t\t\t<\/div>\n\t\t\t\t<\/div>\n\t\t<div class=\"elementor-element elementor-element-4b9463a e-con-full e-flex e-con e-child\" data-id=\"4b9463a\" data-element_type=\"container\" data-settings=\"{&quot;_ha_eqh_enable&quot;:false}\">\n\t\t\t\t<div class=\"elementor-element elementor-element-7ef40da elementor-widget__width-initial elementor-widget elementor-widget-image\" data-id=\"7ef40da\" data-element_type=\"widget\" data-widget_type=\"image.default\">\n\t\t\t\t<div class=\"elementor-widget-container\">\n\t\t\t\t\t\t\t\t\t\t\t\t\t\t\t<img decoding=\"async\" width=\"199\" height=\"199\" src=\"https:\/\/pozla.com.pl\/wp-content\/uploads\/2025\/04\/Testimonial-Avatar.png\" class=\"attachment-large size-large wp-image-404\" alt=\"\" srcset=\"https:\/\/pozla.com.pl\/wp-content\/uploads\/2025\/04\/Testimonial-Avatar.png 199w, https:\/\/pozla.com.pl\/wp-content\/uploads\/2025\/04\/Testimonial-Avatar-150x150.png 150w\" sizes=\"(max-width: 199px) 100vw, 199px\" \/>\t\t\t\t\t\t\t\t\t\t\t\t\t\t\t<\/div>\n\t\t\t\t<\/div>\n\t\t\t\t<div class=\"elementor-element elementor-element-611c2aa elementor-widget__width-initial elementor-widget elementor-widget-text-editor\" data-id=\"611c2aa\" data-element_type=\"widget\" data-widget_type=\"text-editor.default\">\n\t\t\t\t<div class=\"elementor-widget-container\">\n\t\t\t\t\t\t\t\t\t<p><strong>Joanna Bernatowicz<\/strong><br \/>Cz\u0142onek Zarz\u0105du<\/p>\t\t\t\t\t\t\t\t<\/div>\n\t\t\t\t<\/div>\n\t\t\t\t<\/div>\n\t\t\t\t\t<\/div>\n\t\t\t\t<\/div>\n\t\t<div class=\"elementor-element elementor-element-01431b6 e-flex e-con-boxed e-con e-parent\" data-id=\"01431b6\" data-element_type=\"container\" data-settings=\"{&quot;_ha_eqh_enable&quot;:false}\">\n\t\t\t\t\t<div class=\"e-con-inner\">\n\t\t<div class=\"elementor-element elementor-element-91f1d63 e-con-full e-flex e-con e-child\" data-id=\"91f1d63\" data-element_type=\"container\" data-settings=\"{&quot;_ha_eqh_enable&quot;:false}\">\n\t\t\t\t<div class=\"elementor-element elementor-element-c617c0a elementor-widget__width-initial elementor-widget elementor-widget-image\" data-id=\"c617c0a\" data-element_type=\"widget\" data-widget_type=\"image.default\">\n\t\t\t\t<div class=\"elementor-widget-container\">\n\t\t\t\t\t\t\t\t\t\t\t\t\t\t\t<img decoding=\"async\" width=\"199\" height=\"199\" src=\"https:\/\/pozla.com.pl\/wp-content\/uploads\/2025\/04\/Testimonial-Avatar.png\" class=\"attachment-large size-large wp-image-404\" alt=\"\" srcset=\"https:\/\/pozla.com.pl\/wp-content\/uploads\/2025\/04\/Testimonial-Avatar.png 199w, https:\/\/pozla.com.pl\/wp-content\/uploads\/2025\/04\/Testimonial-Avatar-150x150.png 150w\" sizes=\"(max-width: 199px) 100vw, 199px\" \/>\t\t\t\t\t\t\t\t\t\t\t\t\t\t\t<\/div>\n\t\t\t\t<\/div>\n\t\t\t\t<div class=\"elementor-element elementor-element-3cac1cd elementor-widget__width-initial elementor-widget elementor-widget-text-editor\" data-id=\"3cac1cd\" data-element_type=\"widget\" data-widget_type=\"text-editor.default\">\n\t\t\t\t<div class=\"elementor-widget-container\">\n\t\t\t\t\t\t\t\t\t<p><strong>Marcin Dudek<\/strong><br \/>Cz\u0142onek Zarz\u0105du<\/p>\t\t\t\t\t\t\t\t<\/div>\n\t\t\t\t<\/div>\n\t\t\t\t<\/div>\n\t\t<div class=\"elementor-element elementor-element-8455ccf e-con-full e-flex e-con e-child\" data-id=\"8455ccf\" data-element_type=\"container\" data-settings=\"{&quot;_ha_eqh_enable&quot;:false}\">\n\t\t\t\t<div class=\"elementor-element elementor-element-b11a641 elementor-widget__width-initial elementor-widget elementor-widget-image\" data-id=\"b11a641\" data-element_type=\"widget\" data-widget_type=\"image.default\">\n\t\t\t\t<div class=\"elementor-widget-container\">\n\t\t\t\t\t\t\t\t\t\t\t\t\t\t\t<img decoding=\"async\" width=\"199\" height=\"199\" src=\"https:\/\/pozla.com.pl\/wp-content\/uploads\/2025\/04\/Testimonial-Avatar.png\" class=\"attachment-large size-large wp-image-404\" alt=\"\" srcset=\"https:\/\/pozla.com.pl\/wp-content\/uploads\/2025\/04\/Testimonial-Avatar.png 199w, https:\/\/pozla.com.pl\/wp-content\/uploads\/2025\/04\/Testimonial-Avatar-150x150.png 150w\" sizes=\"(max-width: 199px) 100vw, 199px\" \/>\t\t\t\t\t\t\t\t\t\t\t\t\t\t\t<\/div>\n\t\t\t\t<\/div>\n\t\t\t\t<div class=\"elementor-element elementor-element-2ef7623 elementor-widget__width-initial elementor-widget elementor-widget-text-editor\" data-id=\"2ef7623\" data-element_type=\"widget\" data-widget_type=\"text-editor.default\">\n\t\t\t\t<div class=\"elementor-widget-container\">\n\t\t\t\t\t\t\t\t\t<p><strong>Andrzej Korytkowski<\/strong><br \/>Cz\u0142onek Zarz\u0105du<\/p>\t\t\t\t\t\t\t\t<\/div>\n\t\t\t\t<\/div>\n\t\t\t\t<\/div>\n\t\t\t\t\t<\/div>\n\t\t\t\t<\/div>\n\t\t<div class=\"elementor-element elementor-element-0c4fc4b e-flex e-con-boxed e-con e-parent\" data-id=\"0c4fc4b\" data-element_type=\"container\" data-settings=\"{&quot;_ha_eqh_enable&quot;:false}\">\n\t\t\t\t\t<div class=\"e-con-inner\">\n\t\t<div class=\"elementor-element elementor-element-5957705 e-con-full e-flex e-con e-child\" data-id=\"5957705\" data-element_type=\"container\" data-settings=\"{&quot;_ha_eqh_enable&quot;:false}\">\n\t\t\t\t<div class=\"elementor-element elementor-element-513f6e0 elementor-widget__width-initial elementor-widget elementor-widget-image\" data-id=\"513f6e0\" data-element_type=\"widget\" data-widget_type=\"image.default\">\n\t\t\t\t<div class=\"elementor-widget-container\">\n\t\t\t\t\t\t\t\t\t\t\t\t\t\t\t<img decoding=\"async\" width=\"199\" height=\"199\" src=\"https:\/\/pozla.com.pl\/wp-content\/uploads\/2025\/04\/Testimonial-Avatar.png\" class=\"attachment-large size-large wp-image-404\" alt=\"\" srcset=\"https:\/\/pozla.com.pl\/wp-content\/uploads\/2025\/04\/Testimonial-Avatar.png 199w, https:\/\/pozla.com.pl\/wp-content\/uploads\/2025\/04\/Testimonial-Avatar-150x150.png 150w\" sizes=\"(max-width: 199px) 100vw, 199px\" \/>\t\t\t\t\t\t\t\t\t\t\t\t\t\t\t<\/div>\n\t\t\t\t<\/div>\n\t\t\t\t<div class=\"elementor-element elementor-element-2ac07e4 elementor-widget__width-initial elementor-widget elementor-widget-text-editor\" data-id=\"2ac07e4\" data-element_type=\"widget\" data-widget_type=\"text-editor.default\">\n\t\t\t\t<div class=\"elementor-widget-container\">\n\t\t\t\t\t\t\t\t\t<p><strong>Jan Sidorowicz<\/strong><br \/>Cz\u0142onek Zarz\u0105du<\/p>\t\t\t\t\t\t\t\t<\/div>\n\t\t\t\t<\/div>\n\t\t\t\t<\/div>\n\t\t<div class=\"elementor-element elementor-element-67c6983 e-con-full e-flex e-con e-child\" data-id=\"67c6983\" data-element_type=\"container\" data-settings=\"{&quot;_ha_eqh_enable&quot;:false}\">\n\t\t\t\t<div class=\"elementor-element elementor-element-96f4fbb elementor-widget__width-initial elementor-widget elementor-widget-image\" data-id=\"96f4fbb\" data-element_type=\"widget\" data-widget_type=\"image.default\">\n\t\t\t\t<div class=\"elementor-widget-container\">\n\t\t\t\t\t\t\t\t\t\t\t\t\t\t\t<img decoding=\"async\" width=\"199\" height=\"199\" src=\"https:\/\/pozla.com.pl\/wp-content\/uploads\/2025\/04\/Testimonial-Avatar.png\" class=\"attachment-large size-large wp-image-404\" alt=\"\" srcset=\"https:\/\/pozla.com.pl\/wp-content\/uploads\/2025\/04\/Testimonial-Avatar.png 199w, https:\/\/pozla.com.pl\/wp-content\/uploads\/2025\/04\/Testimonial-Avatar-150x150.png 150w\" sizes=\"(max-width: 199px) 100vw, 199px\" \/>\t\t\t\t\t\t\t\t\t\t\t\t\t\t\t<\/div>\n\t\t\t\t<\/div>\n\t\t\t\t<div class=\"elementor-element elementor-element-df26865 elementor-widget__width-initial elementor-widget elementor-widget-text-editor\" data-id=\"df26865\" data-element_type=\"widget\" data-widget_type=\"text-editor.default\">\n\t\t\t\t<div class=\"elementor-widget-container\">\n\t\t\t\t\t\t\t\t\t<p><strong>Joanna Trusiewicz<\/strong><br \/>Cz\u0142onek Zarz\u0105du<\/p>\t\t\t\t\t\t\t\t<\/div>\n\t\t\t\t<\/div>\n\t\t\t\t<\/div>\n\t\t\t\t\t<\/div>\n\t\t\t\t<\/div>\n\t\t<div class=\"elementor-element elementor-element-a8d1b2f e-flex e-con-boxed e-con e-parent\" data-id=\"a8d1b2f\" data-element_type=\"container\" data-settings=\"{&quot;_ha_eqh_enable&quot;:false}\">\n\t\t\t\t\t<div class=\"e-con-inner\">\n\t\t<div class=\"elementor-element elementor-element-244a7b0 e-con-full e-flex e-con e-child\" data-id=\"244a7b0\" data-element_type=\"container\" data-settings=\"{&quot;_ha_eqh_enable&quot;:false}\">\n\t\t\t\t<div class=\"elementor-element elementor-element-e3e76ad elementor-widget__width-initial elementor-widget elementor-widget-image\" data-id=\"e3e76ad\" data-element_type=\"widget\" data-widget_type=\"image.default\">\n\t\t\t\t<div class=\"elementor-widget-container\">\n\t\t\t\t\t\t\t\t\t\t\t\t\t\t\t<img decoding=\"async\" width=\"199\" height=\"199\" src=\"https:\/\/pozla.com.pl\/wp-content\/uploads\/2025\/04\/Testimonial-Avatar.png\" class=\"attachment-large size-large wp-image-404\" alt=\"\" srcset=\"https:\/\/pozla.com.pl\/wp-content\/uploads\/2025\/04\/Testimonial-Avatar.png 199w, https:\/\/pozla.com.pl\/wp-content\/uploads\/2025\/04\/Testimonial-Avatar-150x150.png 150w\" sizes=\"(max-width: 199px) 100vw, 199px\" \/>\t\t\t\t\t\t\t\t\t\t\t\t\t\t\t<\/div>\n\t\t\t\t<\/div>\n\t\t\t\t<div class=\"elementor-element elementor-element-6ae40f5 elementor-widget__width-initial elementor-widget elementor-widget-text-editor\" data-id=\"6ae40f5\" data-element_type=\"widget\" data-widget_type=\"text-editor.default\">\n\t\t\t\t<div class=\"elementor-widget-container\">\n\t\t\t\t\t\t\t\t\t<p><strong>Ryszard Woronowicz<\/strong><br \/>Cz\u0142onek Zarz\u0105du<\/p>\t\t\t\t\t\t\t\t<\/div>\n\t\t\t\t<\/div>\n\t\t\t\t<\/div>\n\t\t<div class=\"elementor-element elementor-element-188e7f2 e-con-full e-flex e-con e-child\" data-id=\"188e7f2\" data-element_type=\"container\" data-settings=\"{&quot;_ha_eqh_enable&quot;:false}\">\n\t\t\t\t<\/div>\n\t\t\t\t\t<\/div>\n\t\t\t\t<\/div>\n\t\t<div class=\"elementor-element elementor-element-972dba2 e-flex e-con-boxed e-con e-parent\" data-id=\"972dba2\" data-element_type=\"container\" data-settings=\"{&quot;_ha_eqh_enable&quot;:false}\">\n\t\t\t\t\t<div class=\"e-con-inner\">\n\t\t\t\t<div class=\"elementor-element elementor-element-b7ba373 elementor-widget elementor-widget-heading\" data-id=\"b7ba373\" data-element_type=\"widget\" data-widget_type=\"heading.default\">\n\t\t\t\t<div class=\"elementor-widget-container\">\n\t\t\t\t\t<h2 class=\"elementor-heading-title elementor-size-default\">Komisja rewizyjna<\/h2>\t\t\t\t<\/div>\n\t\t\t\t<\/div>\n\t\t\t\t<div class=\"elementor-element elementor-element-6e3bfc9 elementor-widget-divider--view-line elementor-widget elementor-widget-divider\" data-id=\"6e3bfc9\" data-element_type=\"widget\" data-widget_type=\"divider.default\">\n\t\t\t\t<div class=\"elementor-widget-container\">\n\t\t\t\t\t\t\t<div class=\"elementor-divider\">\n\t\t\t<span class=\"elementor-divider-separator\">\n\t\t\t\t\t\t<\/span>\n\t\t<\/div>\n\t\t\t\t\t\t<\/div>\n\t\t\t\t<\/div>\n\t\t\t\t\t<\/div>\n\t\t\t\t<\/div>\n\t\t<div class=\"elementor-element elementor-element-0092a98 e-flex e-con-boxed e-con e-parent\" data-id=\"0092a98\" data-element_type=\"container\" data-settings=\"{&quot;_ha_eqh_enable&quot;:false}\">\n\t\t\t\t\t<div class=\"e-con-inner\">\n\t\t<div class=\"elementor-element elementor-element-03bc30e e-con-full e-flex e-con e-child\" data-id=\"03bc30e\" data-element_type=\"container\" data-settings=\"{&quot;_ha_eqh_enable&quot;:false}\">\n\t\t\t\t<div class=\"elementor-element elementor-element-5ff0e0b elementor-widget__width-initial elementor-widget elementor-widget-image\" data-id=\"5ff0e0b\" data-element_type=\"widget\" data-widget_type=\"image.default\">\n\t\t\t\t<div class=\"elementor-widget-container\">\n\t\t\t\t\t\t\t\t\t\t\t\t\t\t\t<img decoding=\"async\" width=\"199\" height=\"199\" src=\"https:\/\/pozla.com.pl\/wp-content\/uploads\/2025\/04\/Testimonial-Avatar.png\" class=\"attachment-large size-large wp-image-404\" alt=\"\" srcset=\"https:\/\/pozla.com.pl\/wp-content\/uploads\/2025\/04\/Testimonial-Avatar.png 199w, https:\/\/pozla.com.pl\/wp-content\/uploads\/2025\/04\/Testimonial-Avatar-150x150.png 150w\" sizes=\"(max-width: 199px) 100vw, 199px\" \/>\t\t\t\t\t\t\t\t\t\t\t\t\t\t\t<\/div>\n\t\t\t\t<\/div>\n\t\t\t\t<div class=\"elementor-element elementor-element-b0f5dfd elementor-widget__width-initial elementor-widget elementor-widget-text-editor\" data-id=\"b0f5dfd\" data-element_type=\"widget\" data-widget_type=\"text-editor.default\">\n\t\t\t\t<div class=\"elementor-widget-container\">\n\t\t\t\t\t\t\t\t\t<p><strong>Micha\u0142 Krysiuk<\/strong> <br \/>Przwodnicz\u0105cy Komisji<\/p>\t\t\t\t\t\t\t\t<\/div>\n\t\t\t\t<\/div>\n\t\t\t\t<\/div>\n\t\t<div class=\"elementor-element elementor-element-4013995 e-con-full e-flex e-con e-child\" data-id=\"4013995\" data-element_type=\"container\" data-settings=\"{&quot;_ha_eqh_enable&quot;:false}\">\n\t\t\t\t<div class=\"elementor-element elementor-element-8dbec4f elementor-widget__width-initial elementor-widget elementor-widget-image\" data-id=\"8dbec4f\" data-element_type=\"widget\" data-widget_type=\"image.default\">\n\t\t\t\t<div class=\"elementor-widget-container\">\n\t\t\t\t\t\t\t\t\t\t\t\t\t\t\t<img decoding=\"async\" width=\"199\" height=\"199\" src=\"https:\/\/pozla.com.pl\/wp-content\/uploads\/2025\/04\/Testimonial-Avatar.png\" class=\"attachment-large size-large wp-image-404\" alt=\"\" srcset=\"https:\/\/pozla.com.pl\/wp-content\/uploads\/2025\/04\/Testimonial-Avatar.png 199w, https:\/\/pozla.com.pl\/wp-content\/uploads\/2025\/04\/Testimonial-Avatar-150x150.png 150w\" sizes=\"(max-width: 199px) 100vw, 199px\" \/>\t\t\t\t\t\t\t\t\t\t\t\t\t\t\t<\/div>\n\t\t\t\t<\/div>\n\t\t\t\t<div class=\"elementor-element elementor-element-c03f1c1 elementor-widget__width-initial elementor-widget elementor-widget-text-editor\" data-id=\"c03f1c1\" data-element_type=\"widget\" data-widget_type=\"text-editor.default\">\n\t\t\t\t<div class=\"elementor-widget-container\">\n\t\t\t\t\t\t\t\t\t<p><strong>Piotr Miros\u0142aw Or\u0142owski<\/strong> <br \/>Sekretarz Komisji<\/p>\t\t\t\t\t\t\t\t<\/div>\n\t\t\t\t<\/div>\n\t\t\t\t<\/div>\n\t\t\t\t\t<\/div>\n\t\t\t\t<\/div>\n\t\t<div class=\"elementor-element elementor-element-0c49eb9 e-flex e-con-boxed e-con e-parent\" data-id=\"0c49eb9\" data-element_type=\"container\" data-settings=\"{&quot;_ha_eqh_enable&quot;:false}\">\n\t\t\t\t\t<div class=\"e-con-inner\">\n\t\t<div class=\"elementor-element elementor-element-215ff5d e-con-full e-flex e-con e-child\" data-id=\"215ff5d\" data-element_type=\"container\" data-settings=\"{&quot;_ha_eqh_enable&quot;:false}\">\n\t\t\t\t<div class=\"elementor-element elementor-element-8663b15 elementor-widget__width-initial elementor-widget elementor-widget-image\" data-id=\"8663b15\" data-element_type=\"widget\" data-widget_type=\"image.default\">\n\t\t\t\t<div class=\"elementor-widget-container\">\n\t\t\t\t\t\t\t\t\t\t\t\t\t\t\t<img decoding=\"async\" width=\"199\" height=\"199\" src=\"https:\/\/pozla.com.pl\/wp-content\/uploads\/2025\/04\/Testimonial-Avatar.png\" class=\"attachment-large size-large wp-image-404\" alt=\"\" srcset=\"https:\/\/pozla.com.pl\/wp-content\/uploads\/2025\/04\/Testimonial-Avatar.png 199w, https:\/\/pozla.com.pl\/wp-content\/uploads\/2025\/04\/Testimonial-Avatar-150x150.png 150w\" sizes=\"(max-width: 199px) 100vw, 199px\" \/>\t\t\t\t\t\t\t\t\t\t\t\t\t\t\t<\/div>\n\t\t\t\t<\/div>\n\t\t\t\t<div class=\"elementor-element elementor-element-ba1f283 elementor-widget__width-initial elementor-widget elementor-widget-text-editor\" data-id=\"ba1f283\" data-element_type=\"widget\" data-widget_type=\"text-editor.default\">\n\t\t\t\t<div class=\"elementor-widget-container\">\n\t\t\t\t\t\t\t\t\t<p><strong>Wojciech Leon Nied\u017awiecki<\/strong> <br \/>Cz\u0142onek Komisji<\/p>\t\t\t\t\t\t\t\t<\/div>\n\t\t\t\t<\/div>\n\t\t\t\t<\/div>\n\t\t<div class=\"elementor-element elementor-element-c1727bf e-con-full e-flex e-con e-child\" data-id=\"c1727bf\" data-element_type=\"container\" data-settings=\"{&quot;_ha_eqh_enable&quot;:false}\">\n\t\t\t\t<\/div>\n\t\t\t\t\t<\/div>\n\t\t\t\t<\/div>\n\t\t\t\t<\/div>\n\t\t","protected":false},"excerpt":{"rendered":"<p>Zarz\u0105d Podlaskiego Okr\u0119gowego Zwi\u0105zku Lekkiej Atletyki Zarz\u0105d Joanna KleszczewskaPrezes Zarz\u0105du Przemys\u0142aw Piotr ZabawskiWiceprezes Zarz\u0105du Jan ZalewskiWiceprezes Zarz\u0105du Joanna BernatowiczCz\u0142onek Zarz\u0105du Marcin DudekCz\u0142onek Zarz\u0105du Andrzej KorytkowskiCz\u0142onek Zarz\u0105du Jan SidorowiczCz\u0142onek Zarz\u0105du Joanna [&hellip;]<\/p>\n","protected":false},"author":1,"featured_media":0,"parent":0,"menu_order":0,"comment_status":"closed","ping_status":"closed","template":"","meta":{"site-sidebar-layout":"no-sidebar","site-content-layout":"","ast-site-content-layout":"full-width-container","site-content-style":"default","site-sidebar-style":"default","ast-global-header-display":"","ast-banner-title-visibility":"","ast-main-header-display":"","ast-hfb-above-header-display":"","ast-hfb-below-header-display":"","ast-hfb-mobile-header-display":"","site-post-title":"disabled","ast-breadcrumbs-content":"","ast-featured-img":"disabled","footer-sml-layout":"","theme-transparent-header-meta":"","adv-header-id-meta":"","stick-header-meta":"","header-above-stick-meta":"","header-main-stick-meta":"","header-below-stick-meta":"","astra-migrate-meta-layouts":"default","ast-page-background-enabled":"default","ast-page-background-meta":{"desktop":{"background-color":"var(--ast-global-color-5)","background-image":"","background-repeat":"repeat","background-position":"center center","background-size":"auto","background-attachment":"scroll","background-type":"","background-media":"","overlay-type":"","overlay-color":"","overlay-opacity":"","overlay-gradient":""},"tablet":{"background-color":"","background-image":"","background-repeat":"repeat","background-position":"center center","background-size":"auto","background-attachment":"scroll","background-type":"","background-media":"","overlay-type":"","overlay-color":"","overlay-opacity":"","overlay-gradient":""},"mobile":{"background-color":"","background-image":"","background-repeat":"repeat","background-position":"center center","background-size":"auto","background-attachment":"scroll","background-type":"","background-media":"","overlay-type":"","overlay-color":"","overlay-opacity":"","overlay-gradient":""}},"ast-content-background-meta":{"desktop":{"background-color":"var(--ast-global-color-4)","background-image":"","background-repeat":"repeat","background-position":"center center","background-size":"auto","background-attachment":"scroll","background-type":"","background-media":"","overlay-type":"","overlay-color":"","overlay-opacity":"","overlay-gradient":""},"tablet":{"background-color":"var(--ast-global-color-4)","background-image":"","background-repeat":"repeat","background-position":"center center","background-size":"auto","background-attachment":"scroll","background-type":"","background-media":"","overlay-type":"","overlay-color":"","overlay-opacity":"","overlay-gradient":""},"mobile":{"background-color":"var(--ast-global-color-4)","background-image":"","background-repeat":"repeat","background-position":"center center","background-size":"auto","background-attachment":"scroll","background-type":"","background-media":"","overlay-type":"","overlay-color":"","overlay-opacity":"","overlay-gradient":""}},"footnotes":""},"class_list":["post-402","page","type-page","status-publish","hentry"],"_links":{"self":[{"href":"https:\/\/pozla.com.pl\/index.php?rest_route=\/wp\/v2\/pages\/402","targetHints":{"allow":["GET"]}}],"collection":[{"href":"https:\/\/pozla.com.pl\/index.php?rest_route=\/wp\/v2\/pages"}],"about":[{"href":"https:\/\/pozla.com.pl\/index.php?rest_route=\/wp\/v2\/types\/page"}],"author":[{"embeddable":true,"href":"https:\/\/pozla.com.pl\/index.php?rest_route=\/wp\/v2\/users\/1"}],"replies":[{"embeddable":true,"href":"https:\/\/pozla.com.pl\/index.php?rest_route=%2Fwp%2Fv2%2Fcomments&post=402"}],"version-history":[{"count":4,"href":"https:\/\/pozla.com.pl\/index.php?rest_route=\/wp\/v2\/pages\/402\/revisions"}],"predecessor-version":[{"id":407,"href":"https:\/\/pozla.com.pl\/index.php?rest_route=\/wp\/v2\/pages\/402\/revisions\/407"}],"wp:attachment":[{"href":"https:\/\/pozla.com.pl\/index.php?rest_route=%2Fwp%2Fv2%2Fmedia&parent=402"}],"curies":[{"name":"wp","href":"https:\/\/api.w.org\/{rel}","templated":true}]}}