{"id":209,"date":"2025-03-07T10:32:48","date_gmt":"2025-03-07T09:32:48","guid":{"rendered":"http:\/\/pozla.premium-design.pl\/?page_id=209"},"modified":"2025-04-16T12:59:28","modified_gmt":"2025-04-16T10:59:28","slug":"wyniki","status":"publish","type":"page","link":"https:\/\/pozla.com.pl\/?page_id=209","title":{"rendered":"Wyniki"},"content":{"rendered":"\t\t<div data-elementor-type=\"wp-page\" data-elementor-id=\"209\" class=\"elementor elementor-209\" data-elementor-settings=\"{&quot;ha_cmc_init_switcher&quot;:&quot;no&quot;}\">\n\t\t\t\t<div class=\"elementor-element elementor-element-d46b1e0 e-flex e-con-boxed e-con e-parent\" data-id=\"d46b1e0\" data-element_type=\"container\" data-settings=\"{&quot;_ha_eqh_enable&quot;:false}\">\n\t\t\t\t\t<div class=\"e-con-inner\">\n\t\t\t\t<div class=\"elementor-element elementor-element-149cc80 elementor-widget elementor-widget-heading\" data-id=\"149cc80\" data-element_type=\"widget\" data-widget_type=\"heading.default\">\n\t\t\t\t<div class=\"elementor-widget-container\">\n\t\t\t\t\t<h1 class=\"elementor-heading-title elementor-size-default\">WYNIKI<\/h1>\t\t\t\t<\/div>\n\t\t\t\t<\/div>\n\t\t\t\t\t<\/div>\n\t\t\t\t<\/div>\n\t\t<div class=\"elementor-element elementor-element-c85662c e-flex e-con-boxed e-con e-parent\" data-id=\"c85662c\" data-element_type=\"container\" data-settings=\"{&quot;_ha_eqh_enable&quot;:false}\">\n\t\t\t\t\t<div class=\"e-con-inner\">\n\t\t<div class=\"elementor-element elementor-element-6138bc6 e-con-full e-flex e-con e-child\" data-id=\"6138bc6\" data-element_type=\"container\" data-settings=\"{&quot;_ha_eqh_enable&quot;:false}\">\n\t\t\t\t<div class=\"elementor-element elementor-element-5328038 elementor-widget elementor-widget-heading\" data-id=\"5328038\" data-element_type=\"widget\" data-widget_type=\"heading.default\">\n\t\t\t\t<div class=\"elementor-widget-container\">\n\t\t\t\t\t<h3 class=\"elementor-heading-title elementor-size-default\"><strong>Sezon 2024<\/strong><\/h3>\t\t\t\t<\/div>\n\t\t\t\t<\/div>\n\t\t\t\t<div class=\"elementor-element elementor-element-a5736d7 elementor-widget elementor-widget-text-editor\" data-id=\"a5736d7\" data-element_type=\"widget\" data-widget_type=\"text-editor.default\">\n\t\t\t\t<div class=\"elementor-widget-container\">\n\t\t\t\t\t\t\t\t\t<div class=\"pozla-content-layout\"><div class=\"pozla-content-layout-row\"><div class=\"pozla-layout-cell pozla-content\"><article id=\"post-108\" class=\"pozla-post pozla-article post-108 page type-page status-publish hentry\"><div class=\"pozla-postcontent clearfix\"><ul><li><a href=\"https:\/\/pozla.com.pl\/wp-content\/uploads\/2025\/04\/Komunikat-20.06.2024r.-Bialystok-1.pdf\">Komunikat 20.06.2024r. \u2013 Bia\u0142ystok<\/a><\/li><li><a href=\"https:\/\/pozla.com.pl\/wp-content\/uploads\/2025\/04\/MWM_u16_2024_12856-rezultaty.pdf\">MWM_u16_2024_12856-rezultaty<\/a><\/li><li><a href=\"https:\/\/pozla.com.pl\/wp-content\/uploads\/2025\/04\/komunikat-29.05.pdf\">Komunikat 29.05<\/a><\/li><li><a href=\"https:\/\/pozla.com.pl\/wp-content\/uploads\/2025\/04\/komunikat-18.05.pdf\">Komunikat 18.05<\/a><\/li><li><a href=\"https:\/\/pozla.com.pl\/wp-content\/uploads\/2025\/04\/komunikat-Ldk-11.05.pdf\">Komunikat Ldk 11.05<\/a><\/li><li><a href=\"https:\/\/pozla.com.pl\/wp-content\/uploads\/2025\/04\/komunikat-5.05.pdf\">Komunikat 5.05.<\/a><\/li><li><a href=\"https:\/\/pozla.com.pl\/wp-content\/uploads\/2025\/04\/komunikat-03.05.pdf\">Komunikat 03.05<\/a><\/li><li><a href=\"https:\/\/pozla.com.pl\/wp-content\/uploads\/2025\/04\/Komunikat_Mistrz.Woj_hala.pdf\">Komunikat_Mistrz.Woj_hala<\/a><\/li><li><a href=\"https:\/\/pozla.com.pl\/wp-content\/uploads\/2025\/04\/Komunikat-4.02.2024-Bialystok.pdf\">Komunikat 4.02.2024 \u2013 Bia\u0142ystok<\/a><\/li><li><a href=\"https:\/\/pozla.com.pl\/wp-content\/uploads\/2025\/04\/Komunikat-Bialystok-21.01.2024.pdf\">Komunikat, Bia\u0142ystok 21.01.2024<\/a><\/li><\/ul><\/div><\/article><\/div><\/div><\/div>\t\t\t\t\t\t\t\t<\/div>\n\t\t\t\t<\/div>\n\t\t\t\t<\/div>\n\t\t<div class=\"elementor-element elementor-element-00b9995 e-con-full e-flex e-con e-child\" data-id=\"00b9995\" data-element_type=\"container\" data-settings=\"{&quot;_ha_eqh_enable&quot;:false}\">\n\t\t\t\t<div class=\"elementor-element elementor-element-d4455fc elementor-widget elementor-widget-heading\" data-id=\"d4455fc\" data-element_type=\"widget\" data-widget_type=\"heading.default\">\n\t\t\t\t<div class=\"elementor-widget-container\">\n\t\t\t\t\t<h3 class=\"elementor-heading-title elementor-size-default\"><strong>Sezon 2023<\/strong><\/h3>\t\t\t\t<\/div>\n\t\t\t\t<\/div>\n\t\t\t\t<div class=\"elementor-element elementor-element-6056a61 elementor-widget elementor-widget-text-editor\" data-id=\"6056a61\" data-element_type=\"widget\" data-widget_type=\"text-editor.default\">\n\t\t\t\t<div class=\"elementor-widget-container\">\n\t\t\t\t\t\t\t\t\t<div class=\"pozla-content-layout\"><div class=\"pozla-content-layout-row\"><div class=\"pozla-layout-cell pozla-content\"><article id=\"post-108\" class=\"pozla-post pozla-article post-108 page type-page status-publish hentry\"><div class=\"pozla-postcontent clearfix\"><ul><li><a href=\"https:\/\/pozla.com.pl\/wp-content\/uploads\/2025\/04\/27.05.2023-Piaseczno_MP.pdf\">27.05.2023 &#8211; Piaseczno MP<\/a><\/li><li><a href=\"https:\/\/pozla.com.pl\/wp-content\/uploads\/2025\/04\/Komunikat_28mmaja2023.pdf\">Komunikat 28 maja 2023<\/a><\/li><li><a href=\"https:\/\/pozla.com.pl\/wp-content\/uploads\/2025\/04\/komunikat-koncowy-LNO-BP-podlaskie-1.pdf\">Komunikat ko\u0144cowy LNO BP Podlaskie<\/a><\/li><li><a href=\"https:\/\/pozla.com.pl\/wp-content\/uploads\/2025\/04\/komunikat-03.05-1.pdf\">Komunikat 03.05<\/a><\/li><li><a href=\"https:\/\/pozla.com.pl\/wp-content\/uploads\/2025\/04\/komunikat-koncowy-MMU16-2023.pdf\">Komunikat ko\u0144cowy MMU16 2023<\/a><\/li><\/ul><\/div><\/article><\/div><\/div><\/div>\t\t\t\t\t\t\t\t<\/div>\n\t\t\t\t<\/div>\n\t\t\t\t<\/div>\n\t\t\t\t\t<\/div>\n\t\t\t\t<\/div>\n\t\t<div class=\"elementor-element elementor-element-9bd4ac8 e-flex e-con-boxed e-con e-parent\" data-id=\"9bd4ac8\" data-element_type=\"container\" data-settings=\"{&quot;_ha_eqh_enable&quot;:false}\">\n\t\t\t\t\t<div class=\"e-con-inner\">\n\t\t<div class=\"elementor-element elementor-element-ebd2f2c e-con-full e-flex e-con e-child\" data-id=\"ebd2f2c\" data-element_type=\"container\" data-settings=\"{&quot;_ha_eqh_enable&quot;:false}\">\n\t\t\t\t<div class=\"elementor-element elementor-element-79f1d01 elementor-widget elementor-widget-heading\" data-id=\"79f1d01\" data-element_type=\"widget\" data-widget_type=\"heading.default\">\n\t\t\t\t<div class=\"elementor-widget-container\">\n\t\t\t\t\t<h3 class=\"elementor-heading-title elementor-size-default\"><strong>Sezon 2022<\/strong><\/h3>\t\t\t\t<\/div>\n\t\t\t\t<\/div>\n\t\t\t\t<div class=\"elementor-element elementor-element-f3abc6c elementor-widget elementor-widget-text-editor\" data-id=\"f3abc6c\" data-element_type=\"widget\" data-widget_type=\"text-editor.default\">\n\t\t\t\t<div class=\"elementor-widget-container\">\n\t\t\t\t\t\t\t\t\t<div class=\"pozla-content-layout\"><div class=\"pozla-content-layout-row\"><div class=\"pozla-layout-cell pozla-content\"><article id=\"post-108\" class=\"pozla-post pozla-article post-108 page type-page status-publish hentry\"><div class=\"pozla-postcontent clearfix\"><ul><li><a href=\"https:\/\/pozla.com.pl\/wp-content\/uploads\/2025\/04\/komunikat-Halowe-LDK-2022.pdf\">Komunikat Halowe LDK 2022<\/a><\/li><li><a href=\"https:\/\/pozla.com.pl\/wp-content\/uploads\/2025\/04\/MPM_U18_Lublin_4047.pdf\">MPM_U18 Lublin 4047<\/a><\/li><li><a href=\"https:\/\/pozla.com.pl\/wp-content\/uploads\/2025\/04\/Komunikat_MMM_2022_bialystok.pdf\">Komunikat MMM 2022 Bia\u0142ystok<\/a><\/li><li><a href=\"https:\/\/pozla.com.pl\/wp-content\/uploads\/2025\/04\/komunikat-koncowy-15.06Bialystok.pdf\">Komunikat ko\u0144cowy 15.06 Bia\u0142ystok<\/a><\/li><li><a href=\"https:\/\/pozla.com.pl\/wp-content\/uploads\/2025\/04\/Mistrz_polski_LZS20220605LZS-.pdf\">Mistrz Polski LZS20220605 LZS-<\/a><\/li><li><a href=\"https:\/\/pozla.com.pl\/wp-content\/uploads\/2025\/04\/Komunikat-29.05.2022-Bialystok.pdf\">Komunikat 29.05.2022 Bialystok<\/a><\/li><li><a href=\"https:\/\/pozla.com.pl\/wp-content\/uploads\/2025\/04\/Komunikat-LDK-7.05.2022.pdf\">Komunikat LDK 7.05.2022<\/a><\/li><li><a href=\"https:\/\/pozla.com.pl\/wp-content\/uploads\/2025\/04\/Miting-komunikat-03.051.pdf\">Mityng komunikat 03.05<\/a><\/li><li><a href=\"https:\/\/pozla.com.pl\/wp-content\/uploads\/2025\/04\/Komunikat_Hal_Mistrz_woj_bialystok2022.pdf\">Komunikat Hal Mistrz woj Bia\u0142ystok 2022<\/a><\/li><li><a href=\"https:\/\/pozla.com.pl\/wp-content\/uploads\/2025\/04\/HMO_2022_Rzeszow.pdf\">HMO 2022 Rzesz\u00f3w<\/a><\/li><li><a href=\"https:\/\/pozla.com.pl\/wp-content\/uploads\/2025\/04\/Miting_Spala_05_2022.pdf\">Mityng Spa\u0142a 05 2022<\/a><\/li><li><a href=\"https:\/\/pozla.com.pl\/wp-content\/uploads\/2025\/04\/Miting-Spala-LK-9214-rezultaty.pdf\">Mityng Spa\u0142a 9214 &#8211; rezultaty<\/a><\/li><li><a href=\"https:\/\/pozla.com.pl\/wp-content\/uploads\/2025\/04\/Komunikat-16.01.2022-Bialystok.pdf\">Komunikat 16.01.2022 Bia\u0142ystok<\/a><\/li><\/ul><\/div><\/article><\/div><\/div><\/div>\t\t\t\t\t\t\t\t<\/div>\n\t\t\t\t<\/div>\n\t\t\t\t<\/div>\n\t\t<div class=\"elementor-element elementor-element-9c8d802 e-con-full e-flex e-con e-child\" data-id=\"9c8d802\" data-element_type=\"container\" data-settings=\"{&quot;_ha_eqh_enable&quot;:false}\">\n\t\t\t\t<div class=\"elementor-element elementor-element-e9fee90 elementor-widget elementor-widget-heading\" data-id=\"e9fee90\" data-element_type=\"widget\" data-widget_type=\"heading.default\">\n\t\t\t\t<div class=\"elementor-widget-container\">\n\t\t\t\t\t<h3 class=\"elementor-heading-title elementor-size-default\"><strong>Sezon 2021<\/strong><\/h3>\t\t\t\t<\/div>\n\t\t\t\t<\/div>\n\t\t\t\t<div class=\"elementor-element elementor-element-9090edc elementor-widget elementor-widget-text-editor\" data-id=\"9090edc\" data-element_type=\"widget\" data-widget_type=\"text-editor.default\">\n\t\t\t\t<div class=\"elementor-widget-container\">\n\t\t\t\t\t\t\t\t\t<div class=\"pozla-content-layout\"><div class=\"pozla-content-layout-row\"><div class=\"pozla-layout-cell pozla-content\"><article id=\"post-108\" class=\"pozla-post pozla-article post-108 page type-page status-publish hentry\"><div class=\"pozla-postcontent clearfix\"><ul><li><a href=\"https:\/\/pozla.com.pl\/wp-content\/uploads\/2025\/04\/8588-MP-U20rezultaty.pdf\">8588-MP U20 rezultaty<\/a><\/li><li><a href=\"https:\/\/pozla.com.pl\/wp-content\/uploads\/2025\/04\/MW-Lomza-Kominunikat.pdf\">2021-05-20 Mistrzostwa Wojew\u00f3dztwa U18 i U20 \u0141om\u017ca<\/a><\/li><li><a href=\"https:\/\/pozla.com.pl\/wp-content\/uploads\/2025\/04\/Komunikat-z-Mitingu-8.05.pdf\">2021-05-08 Miting Kwalifikacyjny Bia\u0142ystok<\/a><\/li><li><a href=\"https:\/\/pozla.com.pl\/wp-content\/uploads\/2025\/04\/Komunikat-3-go-Maja.pdf\">2021-05-03 Komunikat 3-go Maja Bia\u0142ystok<\/a><\/li><li><a href=\"https:\/\/pozla.com.pl\/wp-content\/uploads\/2025\/04\/Komunikat-HMWoj.-PDL-U16_21.02.2021-2.pdf\">2021-02-21 \u2013 Halowe Mistrz.Woj. PDL U16, Bia\u0142ystok<\/a><\/li><li><a href=\"https:\/\/pozla.com.pl\/wp-content\/uploads\/2025\/04\/Komunikat-2021-02-07-Bialystok-1.pdf\">2021-02-07 \u2013 II Halowy Mityng Podlaski, Bia\u0142ystok<\/a><\/li><li><a href=\"https:\/\/pozla.com.pl\/wp-content\/uploads\/2025\/04\/Komunikat-koncowy-Bialystok-23.01.2021-r.-2.pdf\">2021-01-23 \u2013 I Halowy Mityng Podlaski, Bia\u0142ystok<\/a><\/li><\/ul><\/div><\/article><\/div><\/div><\/div>\t\t\t\t\t\t\t\t<\/div>\n\t\t\t\t<\/div>\n\t\t\t\t<\/div>\n\t\t\t\t\t<\/div>\n\t\t\t\t<\/div>\n\t\t\t\t<\/div>\n\t\t","protected":false},"excerpt":{"rendered":"<p>WYNIKI Sezon 2024 Komunikat 20.06.2024r. \u2013 Bia\u0142ystok MWM_u16_2024_12856-rezultaty Komunikat 29.05 Komunikat 18.05 Komunikat Ldk 11.05 Komunikat 5.05. Komunikat 03.05 Komunikat_Mistrz.Woj_hala Komunikat 4.02.2024 \u2013 Bia\u0142ystok Komunikat, Bia\u0142ystok 21.01.2024 Sezon 2023 27.05.2023 [&hellip;]<\/p>\n","protected":false},"author":1,"featured_media":0,"parent":0,"menu_order":0,"comment_status":"closed","ping_status":"closed","template":"","meta":{"site-sidebar-layout":"no-sidebar","site-content-layout":"","ast-site-content-layout":"full-width-container","site-content-style":"default","site-sidebar-style":"default","ast-global-header-display":"","ast-banner-title-visibility":"","ast-main-header-display":"","ast-hfb-above-header-display":"","ast-hfb-below-header-display":"","ast-hfb-mobile-header-display":"","site-post-title":"disabled","ast-breadcrumbs-content":"","ast-featured-img":"disabled","footer-sml-layout":"","theme-transparent-header-meta":"","adv-header-id-meta":"","stick-header-meta":"","header-above-stick-meta":"","header-main-stick-meta":"","header-below-stick-meta":"","astra-migrate-meta-layouts":"default","ast-page-background-enabled":"default","ast-page-background-meta":{"desktop":{"background-color":"var(--ast-global-color-5)","background-image":"","background-repeat":"repeat","background-position":"center center","background-size":"auto","background-attachment":"scroll","background-type":"","background-media":"","overlay-type":"","overlay-color":"","overlay-opacity":"","overlay-gradient":""},"tablet":{"background-color":"","background-image":"","background-repeat":"repeat","background-position":"center center","background-size":"auto","background-attachment":"scroll","background-type":"","background-media":"","overlay-type":"","overlay-color":"","overlay-opacity":"","overlay-gradient":""},"mobile":{"background-color":"","background-image":"","background-repeat":"repeat","background-position":"center center","background-size":"auto","background-attachment":"scroll","background-type":"","background-media":"","overlay-type":"","overlay-color":"","overlay-opacity":"","overlay-gradient":""}},"ast-content-background-meta":{"desktop":{"background-color":"var(--ast-global-color-4)","background-image":"","background-repeat":"repeat","background-position":"center center","background-size":"auto","background-attachment":"scroll","background-type":"","background-media":"","overlay-type":"","overlay-color":"","overlay-opacity":"","overlay-gradient":""},"tablet":{"background-color":"var(--ast-global-color-4)","background-image":"","background-repeat":"repeat","background-position":"center center","background-size":"auto","background-attachment":"scroll","background-type":"","background-media":"","overlay-type":"","overlay-color":"","overlay-opacity":"","overlay-gradient":""},"mobile":{"background-color":"var(--ast-global-color-4)","background-image":"","background-repeat":"repeat","background-position":"center center","background-size":"auto","background-attachment":"scroll","background-type":"","background-media":"","overlay-type":"","overlay-color":"","overlay-opacity":"","overlay-gradient":""}},"footnotes":""},"class_list":["post-209","page","type-page","status-publish","hentry"],"_links":{"self":[{"href":"https:\/\/pozla.com.pl\/index.php?rest_route=\/wp\/v2\/pages\/209","targetHints":{"allow":["GET"]}}],"collection":[{"href":"https:\/\/pozla.com.pl\/index.php?rest_route=\/wp\/v2\/pages"}],"about":[{"href":"https:\/\/pozla.com.pl\/index.php?rest_route=\/wp\/v2\/types\/page"}],"author":[{"embeddable":true,"href":"https:\/\/pozla.com.pl\/index.php?rest_route=\/wp\/v2\/users\/1"}],"replies":[{"embeddable":true,"href":"https:\/\/pozla.com.pl\/index.php?rest_route=%2Fwp%2Fv2%2Fcomments&post=209"}],"version-history":[{"count":28,"href":"https:\/\/pozla.com.pl\/index.php?rest_route=\/wp\/v2\/pages\/209\/revisions"}],"predecessor-version":[{"id":548,"href":"https:\/\/pozla.com.pl\/index.php?rest_route=\/wp\/v2\/pages\/209\/revisions\/548"}],"wp:attachment":[{"href":"https:\/\/pozla.com.pl\/index.php?rest_route=%2Fwp%2Fv2%2Fmedia&parent=209"}],"curies":[{"name":"wp","href":"https:\/\/api.w.org\/{rel}","templated":true}]}}